{"id":15,"date":"2024-12-30T12:57:33","date_gmt":"2024-12-30T12:57:33","guid":{"rendered":"https:\/\/www.de-code.cz\/?page_id=15"},"modified":"2024-12-30T15:29:48","modified_gmt":"2024-12-30T15:29:48","slug":"kontakt","status":"publish","type":"page","link":"https:\/\/www.de-code.cz\/?page_id=15","title":{"rendered":"Kontakt"},"content":{"rendered":"\n<div class=\"wp-block-group alignfull is-style-section-1 has-global-padding is-layout-constrained wp-container-core-group-is-layout-cdf985e3 wp-block-group-is-layout-constrained is-style-section-1--1\" style=\"min-height:100vh;margin-top:0;margin-bottom:0;padding-top:var(--wp--preset--spacing--80);padding-right:var(--wp--preset--spacing--80);padding-bottom:var(--wp--preset--spacing--80);padding-left:var(--wp--preset--spacing--80)\">\n<div class=\"wp-block-columns alignwide are-vertically-aligned-center is-layout-flex wp-container-core-columns-is-layout-643ced6b wp-block-columns-is-layout-flex\">\n<div class=\"wp-block-column is-vertically-aligned-center is-layout-flow wp-block-column-is-layout-flow\" style=\"padding-right:0;padding-left:0\"><\/div>\n\n\n\n<div class=\"wp-block-column is-vertically-aligned-center is-layout-flow wp-block-column-is-layout-flow\">\n<div class=\"wp-block-group is-vertical is-content-justification-stretch is-layout-flex wp-container-core-group-is-layout-353c4f5a wp-block-group-is-layout-flex\">\n<h2 class=\"wp-block-heading has-text-align-left\">DECODE<\/h2>\n\n\n\n<p>Lucie Ul\u00edkov\u00e1<br>tel. 603 443 763<br>email: lucie(a)ulik.cz<br><br>Filip Ul\u00edk<br>tel. 603 106 000<br>email: filip(a)ulik.cz<\/p>\n\n\n\n<p>Faktura\u010dn\u00ed \u00fadaje:<br>Ag Argentum s.r.o.<br>Maroldova 983<br>282 01 \u010cesk\u00fd Brod<\/p>\n\n\n\n<p>I\u010cO:25114662<br>DI\u010c:CZ25114662<br>Spole\u010dnost zapsan\u00e1 v OR M\u011bstsk\u00e9ho soudu v Praze, odd\u00edl C, vlo\u017eka 50925<\/p>\n<\/div>\n<\/div>\n<\/div>\n<\/div>\n\n\n\n<p><\/p>\n","protected":false},"excerpt":{"rendered":"<p>DECODE Lucie Ul\u00edkov\u00e1tel. 603 443 763email: lucie(a)ulik.cz Filip Ul\u00edktel. 603 106 000email: filip(a)ulik.cz Faktura\u010dn\u00ed \u00fadaje:Ag Argentum s.r.o.Maroldova 983282 01 \u010cesk\u00fd Brod I\u010cO:25114662DI\u010c:CZ25114662Spole\u010dnost zapsan\u00e1 v OR M\u011bstsk\u00e9ho soudu v Praze, odd\u00edl C, vlo\u017eka 50925<\/p>\n","protected":false},"author":1,"featured_media":0,"parent":0,"menu_order":0,"comment_status":"closed","ping_status":"closed","template":"","meta":{"footnotes":""},"class_list":["post-15","page","type-page","status-publish","hentry"],"_links":{"self":[{"href":"https:\/\/www.de-code.cz\/index.php?rest_route=\/wp\/v2\/pages\/15","targetHints":{"allow":["GET"]}}],"collection":[{"href":"https:\/\/www.de-code.cz\/index.php?rest_route=\/wp\/v2\/pages"}],"about":[{"href":"https:\/\/www.de-code.cz\/index.php?rest_route=\/wp\/v2\/types\/page"}],"author":[{"embeddable":true,"href":"https:\/\/www.de-code.cz\/index.php?rest_route=\/wp\/v2\/users\/1"}],"replies":[{"embeddable":true,"href":"https:\/\/www.de-code.cz\/index.php?rest_route=%2Fwp%2Fv2%2Fcomments&post=15"}],"version-history":[{"count":5,"href":"https:\/\/www.de-code.cz\/index.php?rest_route=\/wp\/v2\/pages\/15\/revisions"}],"predecessor-version":[{"id":55,"href":"https:\/\/www.de-code.cz\/index.php?rest_route=\/wp\/v2\/pages\/15\/revisions\/55"}],"wp:attachment":[{"href":"https:\/\/www.de-code.cz\/index.php?rest_route=%2Fwp%2Fv2%2Fmedia&parent=15"}],"curies":[{"name":"wp","href":"https:\/\/api.w.org\/{rel}","templated":true}]}}