{"id":17,"date":"2024-12-30T12:58:38","date_gmt":"2024-12-30T12:58:38","guid":{"rendered":"https:\/\/www.de-code.cz\/?page_id=17"},"modified":"2024-12-30T17:36:40","modified_gmt":"2024-12-30T17:36:40","slug":"home","status":"publish","type":"page","link":"https:\/\/www.de-code.cz\/","title":{"rendered":"Tvo\u0159\u00edme prostor"},"content":{"rendered":"\n<div class=\"wp-block-group alignfull has-global-padding is-layout-constrained wp-container-core-group-is-layout-0c9c989a wp-block-group-is-layout-constrained\" style=\"min-height:0vh;margin-top:0;margin-bottom:0;padding-top:var(--wp--preset--spacing--70);padding-right:var(--wp--preset--spacing--40);padding-bottom:var(--wp--preset--spacing--70);padding-left:var(--wp--preset--spacing--40)\">\n<div class=\"wp-block-group has-global-padding is-layout-constrained wp-container-core-group-is-layout-346627ba wp-block-group-is-layout-constrained\">\n<h2 class=\"wp-block-heading has-text-align-center has-xx-large-font-size\" style=\"margin-right:0;margin-left:0;padding-right:0;padding-left:0\">Tvo\u0159\u00edme prostor<\/h2>\n\n\n\n<p class=\"has-text-align-center\">V\u011bt\u0161inu \u010dasu tr\u00e1v\u00edme v interi\u00e9rech. Doma , v pr\u00e1ci, ve \u0161kole, na n\u00e1kupech \u2026 a kdy\u017e u\u017e vyraz\u00edme za z\u00e1bavou nebo sportem , v\u011bt\u0161inou tak\u00e9 skon\u010d\u00edme uvnit\u0159. Kvalita interi\u00e9r\u016f ovliv\u0148uje kvalitu na\u0161eho \u017eivota.<\/p>\n\n\n\n<div class=\"wp-block-buttons is-content-justification-center is-layout-flex wp-container-core-buttons-is-layout-a89b3969 wp-block-buttons-is-layout-flex\">\n<div class=\"wp-block-button\"><a class=\"wp-block-button__link wp-element-button\" href=\"https:\/\/www.de-code.cz\/?page_id=20\">Jak pracujeme<\/a><\/div>\n<\/div>\n<\/div>\n<\/div>\n\n\n\n<div class=\"wp-block-group alignfull has-global-padding is-layout-constrained wp-container-core-group-is-layout-ebee8dc1 wp-block-group-is-layout-constrained\" style=\"margin-top:0;margin-bottom:0;padding-top:var(--wp--preset--spacing--50);padding-bottom:var(--wp--preset--spacing--50)\">\n<h2 class=\"wp-block-heading alignwide\"><\/h2>\n\n\n\n<div class=\"wp-block-columns alignwide is-layout-flex wp-container-core-columns-is-layout-28f84493 wp-block-columns-is-layout-flex\">\n<div class=\"wp-block-column is-layout-flow wp-block-column-is-layout-flow\">\n<figure class=\"wp-block-image size-full\" style=\"margin-bottom:24px\"><img loading=\"lazy\" decoding=\"async\" width=\"1024\" height=\"650\" src=\"https:\/\/www.de-code.cz\/wp-content\/uploads\/2024\/12\/IMG_7841-1.jpg\" alt=\"\" class=\"wp-image-120\" style=\"aspect-ratio:4\/3;object-fit:cover\" srcset=\"https:\/\/www.de-code.cz\/wp-content\/uploads\/2024\/12\/IMG_7841-1.jpg 1024w, https:\/\/www.de-code.cz\/wp-content\/uploads\/2024\/12\/IMG_7841-1-300x190.jpg 300w, https:\/\/www.de-code.cz\/wp-content\/uploads\/2024\/12\/IMG_7841-1-768x488.jpg 768w\" sizes=\"auto, (max-width: 1024px) 100vw, 1024px\" \/><\/figure>\n\n\n\n<h3 class=\"wp-block-heading\">Domy a byty<\/h3>\n\n\n\n<p class=\"has-medium-font-size\">Doma je doma. Tady jsme sami sebou. Nenechte si diktovat katalogy v\u00fdrobc\u016f nebo prodejc\u016f n\u00e1bytku, jak m\u00e1 V\u00e1\u0161 domov vypadat. Spole\u010dn\u011b najdeme V\u00e1\u0161 osobn\u00ed styl pro prostor, ve kter\u00e9m se budete c\u00edtit dob\u0159e.<\/p>\n<\/div>\n\n\n\n<div class=\"wp-block-column is-layout-flow wp-block-column-is-layout-flow\">\n<figure class=\"wp-block-image size-full\" style=\"margin-bottom:24px\"><img loading=\"lazy\" decoding=\"async\" width=\"2560\" height=\"1707\" src=\"http:\/\/www.de-code.cz\/wp-content\/uploads\/2024\/12\/MG_4637-scaled.jpg\" alt=\"\" class=\"wp-image-111\" style=\"aspect-ratio:4\/3;object-fit:cover\" srcset=\"https:\/\/www.de-code.cz\/wp-content\/uploads\/2024\/12\/MG_4637-scaled.jpg 2560w, https:\/\/www.de-code.cz\/wp-content\/uploads\/2024\/12\/MG_4637-300x200.jpg 300w, https:\/\/www.de-code.cz\/wp-content\/uploads\/2024\/12\/MG_4637-1024x683.jpg 1024w, https:\/\/www.de-code.cz\/wp-content\/uploads\/2024\/12\/MG_4637-768x512.jpg 768w, https:\/\/www.de-code.cz\/wp-content\/uploads\/2024\/12\/MG_4637-1536x1024.jpg 1536w, https:\/\/www.de-code.cz\/wp-content\/uploads\/2024\/12\/MG_4637-2048x1365.jpg 2048w\" sizes=\"auto, (max-width: 2560px) 100vw, 2560px\" \/><\/figure>\n\n\n\n<h3 class=\"wp-block-heading\">Ve\u0159ejn\u00e9 prostory<\/h3>\n\n\n\n<p class=\"has-medium-font-size\">Z\u00e1kazn\u00edci nav\u0161t\u011bvuj\u00ed V\u00e1\u0161 obchod nebo restauraci a Vy chcete, aby se c\u00edtili p\u0159\u00edjemn\u011b a aby se k V\u00e1m \u010dasto vraceli.<\/p>\n\n\n\n<p class=\"has-medium-font-size\">Stejn\u011b tak je d\u016fle\u017eit\u00e9 vytvo\u0159it pracovn\u00ed prost\u0159ed\u00ed pro V\u00e1s a Va\u0161e spolupracovn\u00edky, kter\u00e9 podporuje tvo\u0159ivost, t\u00fdmovou pr\u00e1ci, ale i prostor pro soust\u0159ed\u011bn\u00ed a v\u00fdkon.<\/p>\n<\/div>\n\n\n\n<div class=\"wp-block-column is-layout-flow wp-block-column-is-layout-flow\">\n<figure class=\"wp-block-image size-full\" style=\"margin-bottom:24px\"><img loading=\"lazy\" decoding=\"async\" width=\"1024\" height=\"704\" src=\"https:\/\/www.de-code.cz\/wp-content\/uploads\/2024\/12\/DSC01879.jpg\" alt=\"\" class=\"wp-image-121\" style=\"aspect-ratio:4\/3;object-fit:cover\" srcset=\"https:\/\/www.de-code.cz\/wp-content\/uploads\/2024\/12\/DSC01879.jpg 1024w, https:\/\/www.de-code.cz\/wp-content\/uploads\/2024\/12\/DSC01879-300x206.jpg 300w, https:\/\/www.de-code.cz\/wp-content\/uploads\/2024\/12\/DSC01879-768x528.jpg 768w\" sizes=\"auto, (max-width: 1024px) 100vw, 1024px\" \/><\/figure>\n\n\n\n<h3 class=\"wp-block-heading\">Ineri\u00e9rov\u00e1 malba<\/h3>\n\n\n\n<p class=\"has-medium-font-size\">Interi\u00e9rov\u00e1 malba je na\u0161e specializace. Vhodn\u011b zvolen\u00fd motiv dopln\u00ed n\u00e1bytek a dekorace. Ud\u011bl\u00e1 V\u00e1\u0161 interi\u00e9r jedine\u010dn\u00fdm.\u00a0<\/p>\n<\/div>\n<\/div>\n<\/div>\n\n\n\n<p><\/p>\n","protected":false},"excerpt":{"rendered":"<p>Tvo\u0159\u00edme prostor V\u011bt\u0161inu \u010dasu tr\u00e1v\u00edme v interi\u00e9rech. Doma , v pr\u00e1ci, ve \u0161kole, na n\u00e1kupech \u2026 a kdy\u017e u\u017e vyraz\u00edme za z\u00e1bavou nebo sportem , v\u011bt\u0161inou tak\u00e9 skon\u010d\u00edme uvnit\u0159. Kvalita interi\u00e9r\u016f ovliv\u0148uje kvalitu na\u0161eho \u017eivota. Domy a byty Doma je doma. Tady jsme sami sebou. Nenechte si diktovat katalogy v\u00fdrobc\u016f nebo prodejc\u016f n\u00e1bytku, jak m\u00e1 [&hellip;]<\/p>\n","protected":false},"author":1,"featured_media":0,"parent":0,"menu_order":0,"comment_status":"closed","ping_status":"closed","template":"","meta":{"footnotes":""},"class_list":["post-17","page","type-page","status-publish","hentry"],"_links":{"self":[{"href":"https:\/\/www.de-code.cz\/index.php?rest_route=\/wp\/v2\/pages\/17","targetHints":{"allow":["GET"]}}],"collection":[{"href":"https:\/\/www.de-code.cz\/index.php?rest_route=\/wp\/v2\/pages"}],"about":[{"href":"https:\/\/www.de-code.cz\/index.php?rest_route=\/wp\/v2\/types\/page"}],"author":[{"embeddable":true,"href":"https:\/\/www.de-code.cz\/index.php?rest_route=\/wp\/v2\/users\/1"}],"replies":[{"embeddable":true,"href":"https:\/\/www.de-code.cz\/index.php?rest_route=%2Fwp%2Fv2%2Fcomments&post=17"}],"version-history":[{"count":6,"href":"https:\/\/www.de-code.cz\/index.php?rest_route=\/wp\/v2\/pages\/17\/revisions"}],"predecessor-version":[{"id":122,"href":"https:\/\/www.de-code.cz\/index.php?rest_route=\/wp\/v2\/pages\/17\/revisions\/122"}],"wp:attachment":[{"href":"https:\/\/www.de-code.cz\/index.php?rest_route=%2Fwp%2Fv2%2Fmedia&parent=17"}],"curies":[{"name":"wp","href":"https:\/\/api.w.org\/{rel}","templated":true}]}}