{"id":20,"date":"2024-12-30T13:33:43","date_gmt":"2024-12-30T13:33:43","guid":{"rendered":"https:\/\/www.de-code.cz\/?page_id=20"},"modified":"2025-06-29T13:55:37","modified_gmt":"2025-06-29T13:55:37","slug":"jak-pracujeme","status":"publish","type":"page","link":"https:\/\/www.de-code.cz\/?page_id=20","title":{"rendered":"Jak pracujeme"},"content":{"rendered":"\n<div class=\"wp-block-group alignfull is-style-section-1 has-global-padding is-layout-constrained wp-block-group-is-layout-constrained is-style-section-1--1\" style=\"margin-top:0;margin-bottom:0;padding-top:var(--wp--preset--spacing--80);padding-bottom:var(--wp--preset--spacing--80)\">\n<div class=\"wp-block-columns alignwide is-layout-flex wp-container-core-columns-is-layout-66fad18a wp-block-columns-is-layout-flex\">\n<div class=\"wp-block-column is-layout-flow wp-block-column-is-layout-flow\" style=\"padding-right:var(--wp--preset--spacing--50);flex-basis:45%\">\n<figure class=\"wp-block-image size-full\"><img loading=\"lazy\" decoding=\"async\" width=\"683\" height=\"1024\" src=\"https:\/\/www.de-code.cz\/wp-content\/uploads\/2024\/12\/11.jpg\" alt=\"\" class=\"wp-image-129\" srcset=\"https:\/\/www.de-code.cz\/wp-content\/uploads\/2024\/12\/11.jpg 683w, https:\/\/www.de-code.cz\/wp-content\/uploads\/2024\/12\/11-200x300.jpg 200w\" sizes=\"auto, (max-width: 683px) 100vw, 683px\" \/><\/figure>\n\n\n\n<div class=\"wp-block-group has-global-padding is-layout-constrained wp-block-group-is-layout-constrained\" style=\"margin-top:-12vw\">\n<figure class=\"wp-block-image alignright size-full is-resized\" style=\"margin-right:-5vw;margin-left:-5vw\"><img loading=\"lazy\" decoding=\"async\" width=\"683\" height=\"1024\" src=\"https:\/\/www.de-code.cz\/wp-content\/uploads\/2024\/12\/13.jpg\" alt=\"\" class=\"wp-image-130\" style=\"width:202px\" srcset=\"https:\/\/www.de-code.cz\/wp-content\/uploads\/2024\/12\/13.jpg 683w, https:\/\/www.de-code.cz\/wp-content\/uploads\/2024\/12\/13-200x300.jpg 200w\" sizes=\"auto, (max-width: 683px) 100vw, 683px\" \/><\/figure>\n<\/div>\n<\/div>\n\n\n\n<div class=\"wp-block-column is-vertically-aligned-center is-layout-flow wp-block-column-is-layout-flow\" style=\"padding-right:0;padding-left:0;flex-basis:50%\">\n<h2 class=\"wp-block-heading\">Zad\u00e1n\u00ed<\/h2>\n\n\n\n<p class=\"is-style-text-subtitle is-style-text-subtitle--2\">Na z\u00e1klad\u011b \u00favodn\u00ed sch\u016fzky vznikne p\u0159esn\u00e9 zad\u00e1n\u00ed. Pot\u0159ebujeme zn\u00e1t Va\u0161e o\u010dek\u00e1v\u00e1n\u00ed, detailn\u011bj\u0161\u00ed informace ohledn\u011b funkce budouc\u00edho prostoru, jak\u00fd styl se v\u00e1m l\u00edb\u00ed a pova\u017eujete jej za st\u011b\u017eejn\u00ed v budouc\u00edm prostoru, kde jste se inspirovali\u2026 <\/p>\n\n\n\n<div class=\"wp-block-group is-vertical is-layout-flex wp-container-core-group-is-layout-fe9cc265 wp-block-group-is-layout-flex\">\n<h2 class=\"wp-block-heading is-style-text-annotation is-style-text-annotation--3\"><a href=\"https:\/\/www.de-code.cz\/?page_id=15\" data-type=\"page\" data-id=\"15\">M\u00e1m zad\u00e1n\u00ed<\/a><\/h2>\n<\/div>\n<\/div>\n<\/div>\n<\/div>\n\n\n\n<div class=\"wp-block-group alignfull is-style-section-5 has-global-padding is-layout-constrained wp-block-group-is-layout-constrained is-style-section-5--4\" style=\"margin-top:0;margin-bottom:0;padding-top:var(--wp--preset--spacing--50);padding-bottom:var(--wp--preset--spacing--50)\">\n<div class=\"wp-block-columns alignwide is-layout-flex wp-container-core-columns-is-layout-7ee84d44 wp-block-columns-is-layout-flex\">\n<div class=\"wp-block-column is-vertically-aligned-center is-layout-flow wp-block-column-is-layout-flow\" style=\"flex-basis:50%\">\n<h2 class=\"wp-block-heading\">Studie<\/h2>\n\n\n\n<p>Studie je proces spolupr\u00e1ce s klientem, jeho\u017e v\u00fdstupem je dokument, kter\u00fd obsahuje p\u016fdorysn\u00fd n\u00e1vrh interi\u00e9ru, funk\u010dn\u00ed \u0159e\u0161en\u00ed prostoru, stylu vybaven\u00ed (n\u00e1bytku, osv\u011btlen\u00ed, atypick\u00fdch vestaveb atd.). Ve studii jsou uvedeny p\u0159\u00edklady barevn\u00e9ho \u0159e\u0161en\u00ed, charakter povrch\u016f, doporu\u010den\u00e9 materi\u00e1ly a orienta\u010dn\u00ed v\u00fdb\u011br za\u0159izovac\u00edch p\u0159edm\u011bt\u016f.<br>V t\u00e9to f\u00e1zi pot\u0159ebujeme spolupr\u00e1ci klienta, abychom navrhli funk\u010dn\u00ed prostorov\u00e9 a v\u00fdtvarn\u00e9 \u0159e\u0161en\u00ed, ve kter\u00e9m se bude dob\u0159e pracovat, relaxovat a \u017e\u00edt.<\/p>\n<\/div>\n\n\n\n<div class=\"wp-block-column is-vertically-aligned-center is-layout-flow wp-block-column-is-layout-flow\" style=\"flex-basis:50%\">\n<figure class=\"wp-block-image size-full\"><img loading=\"lazy\" decoding=\"async\" width=\"1024\" height=\"608\" src=\"https:\/\/www.de-code.cz\/wp-content\/uploads\/2024\/12\/IMG_3522.jpg\" alt=\"\" class=\"wp-image-125\" style=\"aspect-ratio:1;object-fit:cover\" srcset=\"https:\/\/www.de-code.cz\/wp-content\/uploads\/2024\/12\/IMG_3522.jpg 1024w, https:\/\/www.de-code.cz\/wp-content\/uploads\/2024\/12\/IMG_3522-300x178.jpg 300w, https:\/\/www.de-code.cz\/wp-content\/uploads\/2024\/12\/IMG_3522-768x456.jpg 768w\" sizes=\"auto, (max-width: 1024px) 100vw, 1024px\" \/><\/figure>\n<\/div>\n<\/div>\n<\/div>\n\n\n\n<div class=\"wp-block-group alignfull is-style-section-1 has-global-padding is-layout-constrained wp-block-group-is-layout-constrained is-style-section-1--5\" style=\"margin-top:0;margin-bottom:0;padding-top:var(--wp--preset--spacing--80);padding-bottom:var(--wp--preset--spacing--80)\">\n<div class=\"wp-block-columns alignwide is-layout-flex wp-container-core-columns-is-layout-66fad18a wp-block-columns-is-layout-flex\">\n<div class=\"wp-block-column is-layout-flow wp-block-column-is-layout-flow\" style=\"padding-right:var(--wp--preset--spacing--50);flex-basis:45%\">\n<figure class=\"wp-block-image size-full\"><img loading=\"lazy\" decoding=\"async\" width=\"1024\" height=\"715\" src=\"http:\/\/www.de-code.cz\/wp-content\/uploads\/2024\/12\/IMG_2868.jpg\" alt=\"\" class=\"wp-image-124\" srcset=\"https:\/\/www.de-code.cz\/wp-content\/uploads\/2024\/12\/IMG_2868.jpg 1024w, https:\/\/www.de-code.cz\/wp-content\/uploads\/2024\/12\/IMG_2868-300x209.jpg 300w, https:\/\/www.de-code.cz\/wp-content\/uploads\/2024\/12\/IMG_2868-768x536.jpg 768w\" sizes=\"auto, (max-width: 1024px) 100vw, 1024px\" \/><\/figure>\n\n\n\n<div class=\"wp-block-group has-global-padding is-layout-constrained wp-block-group-is-layout-constrained\" style=\"margin-top:-12vw\">\n<figure class=\"wp-block-image alignright size-full is-resized\" style=\"margin-right:-5vw;margin-left:-5vw\"><img loading=\"lazy\" decoding=\"async\" width=\"1024\" height=\"639\" src=\"https:\/\/www.de-code.cz\/wp-content\/uploads\/2024\/12\/DSC09746.jpg\" alt=\"\" class=\"wp-image-127\" style=\"width:202px\" srcset=\"https:\/\/www.de-code.cz\/wp-content\/uploads\/2024\/12\/DSC09746.jpg 1024w, https:\/\/www.de-code.cz\/wp-content\/uploads\/2024\/12\/DSC09746-300x187.jpg 300w, https:\/\/www.de-code.cz\/wp-content\/uploads\/2024\/12\/DSC09746-768x479.jpg 768w\" sizes=\"auto, (max-width: 1024px) 100vw, 1024px\" \/><\/figure>\n<\/div>\n<\/div>\n\n\n\n<div class=\"wp-block-column is-vertically-aligned-center is-layout-flow wp-block-column-is-layout-flow\" style=\"padding-right:0;padding-left:0;flex-basis:50%\">\n<h2 class=\"wp-block-heading\">Projektov\u00e1 dokumentace<\/h2>\n\n\n\n<p class=\"is-style-text-subtitle is-style-text-subtitle--6\">Projektov\u00e1 dokumentace vych\u00e1z\u00ed z hotov\u00e9 studie navrhuje technick\u00e9 proveden\u00ed jednotliv\u00fdch interi\u00e9rov\u00fdch prvk\u016f, ur\u010duje materi\u00e1ly, barvy, povrchy jako jsou dla\u017eby, podlahy, obklady, dekor a motiv v\u00fdmalby. Obsahuje soupis vybran\u00e9ho n\u00e1bytku, spot\u0159ebi\u010d\u016f, osv\u011btlovac\u00edch t\u011bles. P\u0159edkl\u00e1d\u00e1 a pr\u016fb\u011b\u017en\u011b aktualizuje polo\u017ekov\u00fd rozpo\u010det jednotliv\u00fdch prvk\u016f s term\u00ednovou dostupnost\u00ed u jednotliv\u00fdch dodavatel\u016f.<br>V\u00fdstupem t\u00e9to f\u00e1ze je tak\u00e9 dokumentace pro v\u00fdrobce n\u00e1bytku a dal\u0161\u00edho vybaven\u00ed, vizualizace a n\u00e1vrh pro realizaci obklad\u016f a\/nebo podlah.<\/p>\n<\/div>\n<\/div>\n<\/div>\n\n\n\n<div class=\"wp-block-group alignfull has-global-padding is-layout-constrained wp-block-group-is-layout-constrained\" style=\"margin-top:0;margin-bottom:0\">\n<div class=\"wp-block-group alignwide is-layout-flow wp-container-core-group-is-layout-d58a0413 wp-block-group-is-layout-flow\" style=\"padding-top:var(--wp--preset--spacing--50);padding-bottom:var(--wp--preset--spacing--50)\">\n<h2 class=\"wp-block-heading has-x-large-font-size\">Dal\u0161\u00ed slu\u017eby<\/h2>\n\n\n\n<div class=\"wp-block-columns is-layout-flex wp-container-core-columns-is-layout-cbe57604 wp-block-columns-is-layout-flex\">\n<div class=\"wp-block-column is-layout-flow wp-block-column-is-layout-flow\">\n<div class=\"wp-block-group is-layout-flow wp-block-group-is-layout-flow\" style=\"border-top-color:var(--wp--preset--color--accent-6);border-top-width:1px;padding-top:var(--wp--preset--spacing--30);padding-bottom:var(--wp--preset--spacing--30)\">\n<h3 class=\"wp-block-heading\">Podklady pro v\u00fdb\u011brov\u00e9 \u0159\u00edzen\u00ed<\/h3>\n\n\n\n<p>Pokud je to nezbytn\u00e9, p\u0159ipravujeme podklady pro  vyhl\u00e1\u0161en\u00ed v\u00fdb\u011brov\u00e9ho \u0159\u00edzen\u00ed na dodavatele interi\u00e9ru v\u010detn\u011b podrobn\u00e9ho poipsu po\u017eadovan\u00fdch prvk\u016f \u010di v\u00fdkres\u016f zak\u00e1zkov\u00e9ho n\u00e1bytku.<\/p>\n<\/div>\n<\/div>\n\n\n\n<div class=\"wp-block-column is-layout-flow wp-block-column-is-layout-flow\">\n<div class=\"wp-block-group is-layout-flow wp-block-group-is-layout-flow\" style=\"border-top-color:var(--wp--preset--color--accent-6);border-top-width:1px;padding-top:var(--wp--preset--spacing--30);padding-bottom:var(--wp--preset--spacing--30)\">\n<h3 class=\"wp-block-heading\">Dohled nad realizac\u00ed<\/h3>\n\n\n\n<p>Jsme p\u0159ipraveni pracovat s va\u0161imi dodavateli formou autorsk\u00e9ho dozoru, p\u0159\u00edpadn\u011b doporu\u010dit kvalitn\u00ed firmy a \u0159emesln\u00edky a jejich pr\u00e1ci koordinovat. Nab\u00edz\u00edme mo\u017enost zajistit v\u00edce cenov\u00fdch nab\u00eddek od r\u016fzn\u00fdch dodavatel\u016f.<\/p>\n<\/div>\n<\/div>\n<\/div>\n\n\n\n<div class=\"wp-block-columns is-layout-flex wp-container-core-columns-is-layout-cbe57604 wp-block-columns-is-layout-flex\">\n<div class=\"wp-block-column is-layout-flow wp-block-column-is-layout-flow\">\n<div class=\"wp-block-group is-layout-flow wp-block-group-is-layout-flow\" style=\"border-top-color:var(--wp--preset--color--accent-6);border-top-width:1px;padding-top:var(--wp--preset--spacing--30);padding-bottom:var(--wp--preset--spacing--30)\">\n<h3 class=\"wp-block-heading\">Klientsk\u00e9 zm\u011bny v novostavb\u00e1ch<\/h3>\n\n\n\n<p>Vytv\u00e1\u0159\u00edme p\u016fdorysn\u00e9 n\u00e1vrhy budouc\u00edho upo\u0159\u00e1d\u00e1n\u00ed prostor, aby vyhovovaly va\u0161im specifick\u00fdcm pot\u0159eb\u00e1m. V\u00fdstupem je  n\u00e1vrh klientsk\u00fdch zm\u011bn pro developera.<\/p>\n<\/div>\n<\/div>\n\n\n\n<div class=\"wp-block-column is-layout-flow wp-block-column-is-layout-flow\">\n<div class=\"wp-block-group is-layout-flow wp-block-group-is-layout-flow\" style=\"border-top-color:var(--wp--preset--color--accent-6);border-top-width:1px;padding-top:var(--wp--preset--spacing--30);padding-bottom:var(--wp--preset--spacing--30)\">\n<h3 class=\"wp-block-heading\">Ad hoc konzultace<\/h3>\n\n\n\n<p>Realizace d\u00edl\u010d\u00edch \u00fakol\u016f jako je nap\u0159\u00edklad v\u00fdb\u011br dve\u0159\u00ed, dla\u017eby, oken, n\u00e1vrh v\u00fdmalby \u2026<\/p>\n<\/div>\n<\/div>\n<\/div>\n<\/div>\n<\/div>\n","protected":false},"excerpt":{"rendered":"<p>Zad\u00e1n\u00ed Na z\u00e1klad\u011b \u00favodn\u00ed sch\u016fzky vznikne p\u0159esn\u00e9 zad\u00e1n\u00ed. Pot\u0159ebujeme zn\u00e1t Va\u0161e o\u010dek\u00e1v\u00e1n\u00ed, detailn\u011bj\u0161\u00ed informace ohledn\u011b funkce budouc\u00edho prostoru, jak\u00fd styl se v\u00e1m l\u00edb\u00ed a pova\u017eujete jej za st\u011b\u017eejn\u00ed v budouc\u00edm prostoru, kde jste se inspirovali\u2026 M\u00e1m zad\u00e1n\u00ed Studie Studie je proces spolupr\u00e1ce s klientem, jeho\u017e v\u00fdstupem je dokument, kter\u00fd obsahuje p\u016fdorysn\u00fd n\u00e1vrh interi\u00e9ru, funk\u010dn\u00ed \u0159e\u0161en\u00ed [&hellip;]<\/p>\n","protected":false},"author":1,"featured_media":0,"parent":0,"menu_order":0,"comment_status":"closed","ping_status":"closed","template":"","meta":{"footnotes":""},"class_list":["post-20","page","type-page","status-publish","hentry"],"_links":{"self":[{"href":"https:\/\/www.de-code.cz\/index.php?rest_route=\/wp\/v2\/pages\/20","targetHints":{"allow":["GET"]}}],"collection":[{"href":"https:\/\/www.de-code.cz\/index.php?rest_route=\/wp\/v2\/pages"}],"about":[{"href":"https:\/\/www.de-code.cz\/index.php?rest_route=\/wp\/v2\/types\/page"}],"author":[{"embeddable":true,"href":"https:\/\/www.de-code.cz\/index.php?rest_route=\/wp\/v2\/users\/1"}],"replies":[{"embeddable":true,"href":"https:\/\/www.de-code.cz\/index.php?rest_route=%2Fwp%2Fv2%2Fcomments&post=20"}],"version-history":[{"count":9,"href":"https:\/\/www.de-code.cz\/index.php?rest_route=\/wp\/v2\/pages\/20\/revisions"}],"predecessor-version":[{"id":133,"href":"https:\/\/www.de-code.cz\/index.php?rest_route=\/wp\/v2\/pages\/20\/revisions\/133"}],"wp:attachment":[{"href":"https:\/\/www.de-code.cz\/index.php?rest_route=%2Fwp%2Fv2%2Fmedia&parent=20"}],"curies":[{"name":"wp","href":"https:\/\/api.w.org\/{rel}","templated":true}]}}